{"id":12,"date":"2020-09-17T10:45:33","date_gmt":"2020-09-17T10:45:33","guid":{"rendered":"http:\/\/wp2.witt-liebscher.de\/?page_id=12"},"modified":"2025-01-07T09:24:46","modified_gmt":"2025-01-07T09:24:46","slug":"die-firma","status":"publish","type":"page","link":"https:\/\/witt-liebscher.de\/index.php\/die-firma\/","title":{"rendered":"Die Firma"},"content":{"rendered":"<p>&nbsp;<\/p>\n<section class=\"fett\">Die Firma Witt\u00a0&amp;\u00a0Lieb\u00adscher Elektroanlagen GmbH wurde 1995 als mittelst\u00e4ndisches Unternehmen gegr\u00fcndet.Unsere langj\u00e4hrigen Erfahrungen im Elektroanlagenbau bilden eine solide Grundlage um stets direkt und flexibel auf Kundenw\u00fcnsche einzugehen.Unser Leistungsangebot umfasst haupts\u00e4chlich die Gebiete Beleuchtungs- und Baustromanlagen sowie Kabel- und Freileitungsnetze im Nie\u00adder- und Mittelspannungsbereich.<\/p>\n<p>Der Wirkungskreis erstreckt sich dabei auf den Raum Sachsen.<\/p>\n<p>Im gesamten Gesch\u00e4ftsbereich ist die Firma Witt\u00a0&amp;\u00a0Lieb\u00adscher Elektroanlagen GmbH zu einem kompetenten, leistungsstarken, zuverl\u00e4ssigen und flexiblen Gesch\u00e4ftspartner gewachsen. Dieses Ziel verwirklichen wir vor allem durch unseren hohen pers\u00f6nlichen Einsatz, die konsequente Orientierung an der aktuellen Marktlage und an den Kundenw\u00fcnschen.<\/p>\n<p>Von der Grundlagen\u00ader\u00admitt\u00adlung des Bauvorhabens \u00fcber die Beratung und Planung bis zur Ausf\u00fchrung und dem Service d\u00fcrfen Sie von uns Qualit\u00e4t, Flexibilit\u00e4t und Kundenorientierung erwarten.<\/p>\n<\/section>\n<p>&nbsp;<\/p>\n","protected":false},"excerpt":{"rendered":"<p>&nbsp; Die Firma Witt\u00a0&amp;\u00a0Lieb\u00adscher Elektroanlagen GmbH wurde 1995 als mittelst\u00e4ndisches Unternehmen gegr\u00fcndet.Unsere langj\u00e4hrigen Erfahrungen im Elektroanlagenbau bilden eine solide Grundlage um stets direkt und flexibel auf Kundenw\u00fcnsche einzugehen.Unser Leistungsangebot umfasst &#8230;<\/p>\n","protected":false},"author":1,"featured_media":23,"parent":0,"menu_order":0,"comment_status":"closed","ping_status":"closed","template":"","meta":{"footnotes":""},"class_list":["post-12","page","type-page","status-publish","has-post-thumbnail","hentry"],"_links":{"self":[{"href":"https:\/\/witt-liebscher.de\/index.php\/wp-json\/wp\/v2\/pages\/12","targetHints":{"allow":["GET"]}}],"collection":[{"href":"https:\/\/witt-liebscher.de\/index.php\/wp-json\/wp\/v2\/pages"}],"about":[{"href":"https:\/\/witt-liebscher.de\/index.php\/wp-json\/wp\/v2\/types\/page"}],"author":[{"embeddable":true,"href":"https:\/\/witt-liebscher.de\/index.php\/wp-json\/wp\/v2\/users\/1"}],"replies":[{"embeddable":true,"href":"https:\/\/witt-liebscher.de\/index.php\/wp-json\/wp\/v2\/comments?post=12"}],"version-history":[{"count":5,"href":"https:\/\/witt-liebscher.de\/index.php\/wp-json\/wp\/v2\/pages\/12\/revisions"}],"predecessor-version":[{"id":441,"href":"https:\/\/witt-liebscher.de\/index.php\/wp-json\/wp\/v2\/pages\/12\/revisions\/441"}],"wp:featuredmedia":[{"embeddable":true,"href":"https:\/\/witt-liebscher.de\/index.php\/wp-json\/wp\/v2\/media\/23"}],"wp:attachment":[{"href":"https:\/\/witt-liebscher.de\/index.php\/wp-json\/wp\/v2\/media?parent=12"}],"curies":[{"name":"wp","href":"https:\/\/api.w.org\/{rel}","templated":true}]}}