{"id":148,"date":"2020-09-19T07:13:51","date_gmt":"2020-09-19T07:13:51","guid":{"rendered":"http:\/\/wp2.witt-liebscher.de\/?page_id=148"},"modified":"2020-11-18T12:51:13","modified_gmt":"2020-11-18T12:51:13","slug":"engagement","status":"publish","type":"page","link":"https:\/\/witt-liebscher.de\/index.php\/engagement\/","title":{"rendered":"Engagement"},"content":{"rendered":"<section class=\"fett\">Als regional t\u00e4tiges Unternehmen ist es unser Anspruch einen Teil unseres Erfolges Einrichtungen der Region zu Gute kommen zu lassen.<\/section>\n<section><\/section>\n<section class=\"fett\">Dazu z\u00e4hlen aktuell unter anderem:<\/section>\n<div class=\"vlp-link-container vlp-template-default \">\n\t<a href=\"https:\/\/www.chemnitzerfc.de\" class=\"vlp-link\" title=\"Die offizielle Homepage des Chemnitzer FC e.V.: Home\" rel=\"nofollow\" target=\"_blank\"><\/a>\t\t<div class=\"vlp-link-image-container\">\n\t\t<div class=\"vlp-link-image\">\n\t\t\t<img loading=\"lazy\" decoding=\"async\" style=\"max-width: 300px;\" width=\"300\" height=\"300\" src=\"https:\/\/witt-liebscher.de\/wp-content\/uploads\/2020\/09\/IMG_9822-300x300.jpg\" class=\"attachment-medium size-medium\" alt=\"\" srcset=\"https:\/\/witt-liebscher.de\/wp-content\/uploads\/2020\/09\/IMG_9822-300x300.jpg 300w, https:\/\/witt-liebscher.de\/wp-content\/uploads\/2020\/09\/IMG_9822-150x150.jpg 150w, https:\/\/witt-liebscher.de\/wp-content\/uploads\/2020\/09\/IMG_9822-768x768.jpg 768w, https:\/\/witt-liebscher.de\/wp-content\/uploads\/2020\/09\/IMG_9822.jpg 800w\" sizes=\"auto, (max-width: 300px) 100vw, 300px\" \/>\t\t<\/div>\n\t<\/div>\n\t\t<div class=\"vlp-link-text-container\">\n\t\t\t\t<div class=\"vlp-link-title\">\n\t\t\tDie offizielle Homepage des Chemnitzer FC e.V.: Home\t\t<\/div>\n\t\t\t\t\t\t<div class=\"vlp-link-summary\">\n\t\t\tDer Chemnitzer Fu\u00dfballclub e. V., kurz Chemnitzer FC oder CFC, ist ein deutscher Fu\u00dfballverein aus Chemnitz. Er wurde am 15. Januar 1966 als Fu\u00dfballclub Karl-Marx-Stadt gegr\u00fcndet. 1990 wurde der Name in Chemnitzer Fu\u00dfballclub e. V. ge\u00e4ndert.\t\t<\/div>\n\t\t\t<\/div>\n<\/div>\n\n<div class=\"vlp-link-container vlp-template-default \">\n\t<a href=\"https:\/\/www.kuechwaldbuehne.info\/startseite.html\" class=\"vlp-link\" title=\"K\u00fcchwaldb\u00fchne\" rel=\"nofollow\" target=\"_blank\"><\/a>\t\t<div class=\"vlp-link-image-container\">\n\t\t<div class=\"vlp-link-image\">\n\t\t\t<img decoding=\"async\" src=\"https:\/\/www.kuechwaldbuehne.info\/assets\/images\/f\/Logo_Menu_dunkel-5222414f.png\" style=\"max-width: 300px; max-height: 300px\" \/>\t\t<\/div>\n\t<\/div>\n\t\t<div class=\"vlp-link-text-container\">\n\t\t\t\t<div class=\"vlp-link-title\">\n\t\t\tK\u00fcchwaldb\u00fchne\t\t<\/div>\n\t\t\t\t\t\t<div class=\"vlp-link-summary\">\n\t\t\tDie K\u00fcchwaldb\u00fchne ist eine in den Wald hineinragende, als Amphitheater angelegte Freilichtb\u00fchne. Jede Saison f\u00fchrt der K\u00fcchwaldb\u00fchne e.V. eigene Kinder-Theaterst\u00fccke auf und bietet mit Spielpartnern ein breites Spektrum kultureller Veranstaltungen. Chemnitz Theater K\u00fcchwald Veranstaltungen Events Sp\u2026\t\t<\/div>\n\t\t\t<\/div>\n<\/div>\n\n<div class=\"vlp-link-container vlp-template-default \">\n\t<a href=\"https:\/\/www.parkeisenbahn-chemnitz.de\/\" class=\"vlp-link\" title=\"Parkeisenbahn Chemnitz\" rel=\"nofollow\" target=\"_blank\"><\/a>\t\t<div class=\"vlp-link-image-container\">\n\t\t<div class=\"vlp-link-image\">\n\t\t\t<img decoding=\"async\" src=\"https:\/\/www.parkeisenbahn-chemnitz.de\/wp-content\/themes\/twentytwelve-blank-childtheme\/images\/header_tablet.png\" style=\"max-width: 300px; max-height: 300px\" \/>\t\t<\/div>\n\t<\/div>\n\t\t<div class=\"vlp-link-text-container\">\n\t\t\t\t<div class=\"vlp-link-title\">\n\t\t\tParkeisenbahn Chemnitz\t\t<\/div>\n\t\t\t\t\t\t<div class=\"vlp-link-summary\">\n\t\t\tWir bieten Ihnen die Freizeiteinrichtung f\u00fcr Jung bis Alt. Hier gibt es zahlreiche Informationen zu unserer Einrichtung. Wir w\u00fcrden uns freuen, Sie einmal pers\u00f6nlich bei uns begr\u00fc\u00dfen zu d\u00fcrfen.\t\t<\/div>\n\t\t\t<\/div>\n<\/div>\n\n<div class=\"vlp-link-container vlp-template-default \">\n\t<a href=\"https:\/\/www.chemnitz99.de\/\" class=\"vlp-link\" title=\"Niners Chemnitz\" rel=\"nofollow\" target=\"_blank\"><\/a>\t\t<div class=\"vlp-link-image-container\">\n\t\t<div class=\"vlp-link-image\">\n\t\t\t<img decoding=\"async\" src=\"https:\/\/www.chemnitz99.de\/assets\/imgs\/social-logo-niners.jpg\" style=\"max-width: 300px; max-height: 300px\" \/>\t\t<\/div>\n\t<\/div>\n\t\t<div class=\"vlp-link-text-container\">\n\t\t\t\t<div class=\"vlp-link-title\">\n\t\t\tNiners Chemnitz\t\t<\/div>\n\t\t\t\t\t\t<div class=\"vlp-link-summary\">\n\t\t\tWillkommen in der 1. Basketballbundesliga!\t\t<\/div>\n\t\t\t<\/div>\n<\/div>\n\n<p>&#8230; und viele weitere regionale Veranstaltungen.<\/p>\n<p>&nbsp;<\/p>\n","protected":false},"excerpt":{"rendered":"<p>Als regional t\u00e4tiges Unternehmen ist es unser Anspruch einen Teil unseres Erfolges Einrichtungen der Region zu Gute kommen zu lassen. Dazu z\u00e4hlen aktuell unter anderem: &#8230; und viele weitere regionale &#8230;<\/p>\n","protected":false},"author":1,"featured_media":174,"parent":0,"menu_order":0,"comment_status":"closed","ping_status":"closed","template":"","meta":{"footnotes":""},"class_list":["post-148","page","type-page","status-publish","has-post-thumbnail","hentry"],"_links":{"self":[{"href":"https:\/\/witt-liebscher.de\/index.php\/wp-json\/wp\/v2\/pages\/148","targetHints":{"allow":["GET"]}}],"collection":[{"href":"https:\/\/witt-liebscher.de\/index.php\/wp-json\/wp\/v2\/pages"}],"about":[{"href":"https:\/\/witt-liebscher.de\/index.php\/wp-json\/wp\/v2\/types\/page"}],"author":[{"embeddable":true,"href":"https:\/\/witt-liebscher.de\/index.php\/wp-json\/wp\/v2\/users\/1"}],"replies":[{"embeddable":true,"href":"https:\/\/witt-liebscher.de\/index.php\/wp-json\/wp\/v2\/comments?post=148"}],"version-history":[{"count":8,"href":"https:\/\/witt-liebscher.de\/index.php\/wp-json\/wp\/v2\/pages\/148\/revisions"}],"predecessor-version":[{"id":303,"href":"https:\/\/witt-liebscher.de\/index.php\/wp-json\/wp\/v2\/pages\/148\/revisions\/303"}],"wp:featuredmedia":[{"embeddable":true,"href":"https:\/\/witt-liebscher.de\/index.php\/wp-json\/wp\/v2\/media\/174"}],"wp:attachment":[{"href":"https:\/\/witt-liebscher.de\/index.php\/wp-json\/wp\/v2\/media?parent=148"}],"curies":[{"name":"wp","href":"https:\/\/api.w.org\/{rel}","templated":true}]}}