{"id":29,"date":"2020-09-17T10:57:29","date_gmt":"2020-09-17T10:57:29","guid":{"rendered":"http:\/\/wp2.witt-liebscher.de\/?page_id=29"},"modified":"2025-01-07T09:28:08","modified_gmt":"2025-01-07T09:28:08","slug":"impressum","status":"publish","type":"page","link":"https:\/\/witt-liebscher.de\/index.php\/impressum\/","title":{"rendered":"Impressum"},"content":{"rendered":"<div class=\"container_untereinander\">\n<div class=\"links\"><b>Hauptsitz<\/b><br \/>\nWitt\u00a0&amp;\u00a0Liebscher Elektroanlagen\u00a0GmbH<br \/>\nPaul-Bertz-Str. 78<br \/>\n09120 Chemnitz<br \/>\nTelefon: 0371 &#8211; 40 41 77 7<br \/>\nFax: 0371 &#8211; 40 41 77 6<br \/>\nVertreten durch:<br \/>\nGF Ingo\u00a0Witt und Holm\u00a0Liebscher<br \/>\neMail: <a class=\"link\" href=\"mailto:kontakt@witt-liebscher.de\">kontakt@witt\u200d-\u200dliebscher.de<\/a><\/div>\n<p><b>Registereintrag:<\/b> Eintragung im Handelsregister<br \/>\n<b>Registergericht:<\/b> Amtsgericht Chemnitz<br \/>\n<b>Registernummer:<\/b> HRB 11480<br \/>\n<strong>Umsatzsteuer-Identifikationsnummer<\/strong> <strong>gem\u00e4\u00df \u00a7 27 a Umsatzsteuergesetz:<\/strong> DE 171749817<br \/>\n<strong>Steuernummer: <\/strong>11\/214\/122\/03191<\/p>\n<p><b>Verantwortlicher f\u00fcr journalistisch-redaktionelle Inhalte nach \u00a7 55 Rundfunkstaatsvertrag (RStV) ist:<\/b><br \/>\nIngo Witt<\/p>\n<p><b>Haftungshinweis:<\/b><br \/>\nTrotz sorgf\u00e4ltiger Kontrolle \u00fcbernehmen wir keine Haftung f\u00fcr die Inhalte externer Links. F\u00fcr den Inhalt der verlinkten Seiten sind ausschlie\u00dflich deren Betreiber verantwortlich. Sollten Sie trotzdem auf eine Rechtsverletzung aufmerksam werden, bitten wir um einen Hinweis, dass wir entsprechend reagieren k\u00f6nnen.<\/p>\n<p><b>Urheberschutz:<\/b><br \/>\nDie vollst\u00e4ndige oder auszugsweise Verwendung der Informationen auf unseren Web-Seiten, sowie der darauf abrufbaren Bilder oder Texte ist f\u00fcr jede Art gewerblicher Weitervermittlung oder Auskunftserteilung in jeder medialen Form untersagt und unterliegt den Grenzen deutschen Urheberrechts. Alle dargestellten Logos, Bilder und Grafiken sind Eigentum der Witt\u00a0&amp;\u00a0Liebscher Elektroanlagen GmbH und unterliegen deren Copyright.<\/p>\n<p><b>Alternative Streitbeilegung gem\u00e4\u00df Art. 14 Abs. 1 ODR-VO und \u00a7 36 VSBG:<\/b><\/p>\n<p>Die Europ\u00e4ische Kommission stellt eine Plattform zur Online-Streitbeilegung (OS) bereit, die du unter https:\/\/ec.europa.eu\/consumers\/odr findest. Zur Teilnahme an einem Streitbeilegungsverfahren vor einer Verbraucherschlichtungsstelle sind wir nicht verpflichtet und nicht bereit.<\/p>\n<p><b>Fotos\/Quellen:<\/b> Witt\u00a0&amp;\u00a0Liebscher Elektroanlagen GmbH<\/p>\n","protected":false},"excerpt":{"rendered":"<p>Hauptsitz Witt\u00a0&amp;\u00a0Liebscher Elektroanlagen\u00a0GmbH Paul-Bertz-Str. 78 09120 Chemnitz Telefon: 0371 &#8211; 40 41 77 7 Fax: 0371 &#8211; 40 41 77 6 Vertreten durch: GF Ingo\u00a0Witt und Holm\u00a0Liebscher eMail: kontakt@witt\u200d-\u200dliebscher.de Registereintrag: &#8230;<\/p>\n","protected":false},"author":1,"featured_media":0,"parent":0,"menu_order":0,"comment_status":"closed","ping_status":"closed","template":"","meta":{"footnotes":""},"class_list":["post-29","page","type-page","status-publish","hentry"],"_links":{"self":[{"href":"https:\/\/witt-liebscher.de\/index.php\/wp-json\/wp\/v2\/pages\/29","targetHints":{"allow":["GET"]}}],"collection":[{"href":"https:\/\/witt-liebscher.de\/index.php\/wp-json\/wp\/v2\/pages"}],"about":[{"href":"https:\/\/witt-liebscher.de\/index.php\/wp-json\/wp\/v2\/types\/page"}],"author":[{"embeddable":true,"href":"https:\/\/witt-liebscher.de\/index.php\/wp-json\/wp\/v2\/users\/1"}],"replies":[{"embeddable":true,"href":"https:\/\/witt-liebscher.de\/index.php\/wp-json\/wp\/v2\/comments?post=29"}],"version-history":[{"count":15,"href":"https:\/\/witt-liebscher.de\/index.php\/wp-json\/wp\/v2\/pages\/29\/revisions"}],"predecessor-version":[{"id":443,"href":"https:\/\/witt-liebscher.de\/index.php\/wp-json\/wp\/v2\/pages\/29\/revisions\/443"}],"wp:attachment":[{"href":"https:\/\/witt-liebscher.de\/index.php\/wp-json\/wp\/v2\/media?parent=29"}],"curies":[{"name":"wp","href":"https:\/\/api.w.org\/{rel}","templated":true}]}}